{"id":2,"date":"2019-05-17T11:10:22","date_gmt":"2019-05-17T11:10:22","guid":{"rendered":"https:\/\/drittanzeige.online\/?page_id=2"},"modified":"2019-05-17T12:31:31","modified_gmt":"2019-05-17T12:31:31","slug":"sample-page","status":"publish","type":"page","link":"https:\/\/drittanzeige.online\/","title":{"rendered":"Willkommen"},"content":{"rendered":"\n<p>Habt ihr euch schon einmal ge\u00e4rgert, wenn wieder ein Auto auf dem Radweg stand oder frech auf dem B\u00fcrgersteig? Das muss nicht sein.<br>Ordnungs\u00e4mter leiden unter Personalnot, jedenfalls bekommt man den Eindruck.<br>Deshalb jetzt einfach selbst aktiv werden:<\/p>\n\n\n\n<p>Lade dir die kostenlose und sichere DRITTANZEIGEN App auf dein Smartphone und schicke so eine Meldung ganz einfach an eine der zust\u00e4ndigen Stellen.<\/p>\n\n\n\n<p>Die App wird in K\u00fcrze in Apples App Store und bei Google Play kostenlos und werbefrei erh\u00e4tlich sein.<\/p>\n\n\n\n<p>Wenn du als Tester eine Beta-Version testen m\u00f6chtest, melde dich bitte hier:<\/p>\n\n\n\n<div class=\"wpcf7 no-js\" id=\"wpcf7-f9-o1\" lang=\"de-DE\" dir=\"ltr\" data-wpcf7-id=\"9\">\n<div class=\"screen-reader-response\"><p role=\"status\" aria-live=\"polite\" aria-atomic=\"true\"><\/p> <ul><\/ul><\/div>\n<form action=\"\/index.php\/wp-json\/wp\/v2\/pages\/2#wpcf7-f9-o1\" method=\"post\" class=\"wpcf7-form init\" aria-label=\"Kontaktformular\" novalidate=\"novalidate\" data-status=\"init\">\n<fieldset class=\"hidden-fields-container\"><input type=\"hidden\" name=\"_wpcf7\" value=\"9\" \/><input type=\"hidden\" name=\"_wpcf7_version\" value=\"6.1.5\" \/><input type=\"hidden\" name=\"_wpcf7_locale\" value=\"de_DE\" \/><input type=\"hidden\" name=\"_wpcf7_unit_tag\" value=\"wpcf7-f9-o1\" \/><input type=\"hidden\" name=\"_wpcf7_container_post\" value=\"0\" \/><input type=\"hidden\" name=\"_wpcf7_posted_data_hash\" value=\"\" \/><input type=\"hidden\" name=\"_wpcf7_recaptcha_response\" value=\"\" \/>\n<\/fieldset>\n<p><label> Dein Name (Pflichtfeld)<br \/>\n<span class=\"wpcf7-form-control-wrap\" data-name=\"your-name\"><input size=\"40\" maxlength=\"400\" class=\"wpcf7-form-control wpcf7-text wpcf7-validates-as-required\" aria-required=\"true\" aria-invalid=\"false\" value=\"\" type=\"text\" name=\"your-name\" \/><\/span> <\/label>\n<\/p>\n<p><label> Deine E-Mail-Adresse (Pflichtfeld)<br \/>\n<span class=\"wpcf7-form-control-wrap\" data-name=\"your-email\"><input size=\"40\" maxlength=\"400\" class=\"wpcf7-form-control wpcf7-email wpcf7-validates-as-required wpcf7-text wpcf7-validates-as-email\" aria-required=\"true\" aria-invalid=\"false\" value=\"\" type=\"email\" name=\"your-email\" \/><\/span> <\/label>\n<\/p>\n<p><label> Betreff<br \/>\n<span class=\"wpcf7-form-control-wrap\" data-name=\"your-subject\"><input size=\"40\" maxlength=\"400\" class=\"wpcf7-form-control wpcf7-text\" aria-invalid=\"false\" value=\"\" type=\"text\" name=\"your-subject\" \/><\/span> <\/label>\n<\/p>\n<p><label> Deine Nachricht<br \/>\n<span class=\"wpcf7-form-control-wrap\" data-name=\"your-message\"><textarea cols=\"40\" rows=\"10\" maxlength=\"2000\" class=\"wpcf7-form-control wpcf7-textarea\" aria-invalid=\"false\" name=\"your-message\"><\/textarea><\/span> <\/label>\n<\/p>\n<p><input class=\"wpcf7-form-control wpcf7-submit has-spinner\" type=\"submit\" value=\"Senden\" \/>\n<\/p><div class=\"wpcf7-response-output\" aria-hidden=\"true\"><\/div>\n<\/form>\n<\/div>\n\n","protected":false},"excerpt":{"rendered":"<p>Habt ihr euch schon einmal ge\u00e4rgert, wenn wieder ein Auto auf dem Radweg stand oder frech auf dem B\u00fcrgersteig? Das muss nicht sein.Ordnungs\u00e4mter leiden unter Personalnot, jedenfalls bekommt man den Eindruck.Deshalb jetzt einfach selbst aktiv werden: Lade dir die kostenlose und sichere DRITTANZEIGEN App auf dein Smartphone und schicke so eine Meldung ganz einfach an &hellip; <\/p>\n<p class=\"link-more\"><a href=\"https:\/\/drittanzeige.online\/\" class=\"more-link\"><span class=\"screen-reader-text\">\u201eWillkommen\u201c <\/span>weiterlesen<\/a><\/p>\n","protected":false},"author":1,"featured_media":0,"parent":0,"menu_order":0,"comment_status":"closed","ping_status":"closed","template":"","meta":{"footnotes":""},"class_list":["post-2","page","type-page","status-publish","hentry","entry"],"yoast_head":"<!-- This site is optimized with the Yoast SEO plugin v27.4 - https:\/\/yoast.com\/product\/yoast-seo-wordpress\/ -->\n<title>Willkommen - Drittanzeige Online<\/title>\n<meta name=\"robots\" content=\"index, follow, max-snippet:-1, max-image-preview:large, max-video-preview:-1\" \/>\n<link rel=\"canonical\" href=\"https:\/\/drittanzeige.online\/\" \/>\n<meta property=\"og:locale\" content=\"de_DE\" \/>\n<meta property=\"og:type\" content=\"article\" \/>\n<meta property=\"og:title\" content=\"Willkommen - Drittanzeige Online\" \/>\n<meta property=\"og:description\" content=\"Habt ihr euch schon einmal ge\u00e4rgert, wenn wieder ein Auto auf dem Radweg stand oder frech auf dem B\u00fcrgersteig? Das muss nicht sein.Ordnungs\u00e4mter leiden unter Personalnot, jedenfalls bekommt man den Eindruck.Deshalb jetzt einfach selbst aktiv werden: Lade dir die kostenlose und sichere DRITTANZEIGEN App auf dein Smartphone und schicke so eine Meldung ganz einfach an &hellip; \u201eWillkommen\u201c weiterlesen\" \/>\n<meta property=\"og:url\" content=\"https:\/\/drittanzeige.online\/\" \/>\n<meta property=\"og:site_name\" content=\"Drittanzeige Online\" \/>\n<meta property=\"article:modified_time\" content=\"2019-05-17T12:31:31+00:00\" \/>\n<meta name=\"twitter:card\" content=\"summary_large_image\" \/>\n<meta name=\"twitter:label1\" content=\"Gesch\u00e4tzte Lesezeit\" \/>\n\t<meta name=\"twitter:data1\" content=\"1\u00a0Minute\" \/>\n<script type=\"application\/ld+json\" class=\"yoast-schema-graph\">{\"@context\":\"https:\\\/\\\/schema.org\",\"@graph\":[{\"@type\":\"WebPage\",\"@id\":\"https:\\\/\\\/drittanzeige.online\\\/\",\"url\":\"https:\\\/\\\/drittanzeige.online\\\/\",\"name\":\"Willkommen - Drittanzeige Online\",\"isPartOf\":{\"@id\":\"https:\\\/\\\/drittanzeige.online\\\/#website\"},\"datePublished\":\"2019-05-17T11:10:22+00:00\",\"dateModified\":\"2019-05-17T12:31:31+00:00\",\"breadcrumb\":{\"@id\":\"https:\\\/\\\/drittanzeige.online\\\/#breadcrumb\"},\"inLanguage\":\"de\",\"potentialAction\":[{\"@type\":\"ReadAction\",\"target\":[\"https:\\\/\\\/drittanzeige.online\\\/\"]}]},{\"@type\":\"BreadcrumbList\",\"@id\":\"https:\\\/\\\/drittanzeige.online\\\/#breadcrumb\",\"itemListElement\":[{\"@type\":\"ListItem\",\"position\":1,\"name\":\"Home\",\"item\":\"https:\\\/\\\/drittanzeige.online\\\/\"},{\"@type\":\"ListItem\",\"position\":2,\"name\":\"Willkommen\"}]},{\"@type\":\"WebSite\",\"@id\":\"https:\\\/\\\/drittanzeige.online\\\/#website\",\"url\":\"https:\\\/\\\/drittanzeige.online\\\/\",\"name\":\"Drittanzeige - Parke nicht auf unseren Wegen\",\"description\":\"Parke nicht auf unseren Wegen\",\"publisher\":{\"@id\":\"https:\\\/\\\/drittanzeige.online\\\/#organization\"},\"potentialAction\":[{\"@type\":\"SearchAction\",\"target\":{\"@type\":\"EntryPoint\",\"urlTemplate\":\"https:\\\/\\\/drittanzeige.online\\\/?s={search_term_string}\"},\"query-input\":{\"@type\":\"PropertyValueSpecification\",\"valueRequired\":true,\"valueName\":\"search_term_string\"}}],\"inLanguage\":\"de\"},{\"@type\":\"Organization\",\"@id\":\"https:\\\/\\\/drittanzeige.online\\\/#organization\",\"name\":\"Drittanzeige.online\",\"url\":\"https:\\\/\\\/drittanzeige.online\\\/\",\"logo\":{\"@type\":\"ImageObject\",\"inLanguage\":\"de\",\"@id\":\"https:\\\/\\\/drittanzeige.online\\\/#\\\/schema\\\/logo\\\/image\\\/\",\"url\":\"https:\\\/\\\/i2.wp.com\\\/drittanzeige.online\\\/wp-content\\\/uploads\\\/2019\\\/05\\\/DefaultIcon.png?fit=1024%2C1024&ssl=1\",\"contentUrl\":\"https:\\\/\\\/i2.wp.com\\\/drittanzeige.online\\\/wp-content\\\/uploads\\\/2019\\\/05\\\/DefaultIcon.png?fit=1024%2C1024&ssl=1\",\"width\":1024,\"height\":1024,\"caption\":\"Drittanzeige.online\"},\"image\":{\"@id\":\"https:\\\/\\\/drittanzeige.online\\\/#\\\/schema\\\/logo\\\/image\\\/\"}}]}<\/script>\n<!-- \/ Yoast SEO plugin. -->","yoast_head_json":{"title":"Willkommen - Drittanzeige Online","robots":{"index":"index","follow":"follow","max-snippet":"max-snippet:-1","max-image-preview":"max-image-preview:large","max-video-preview":"max-video-preview:-1"},"canonical":"https:\/\/drittanzeige.online\/","og_locale":"de_DE","og_type":"article","og_title":"Willkommen - Drittanzeige Online","og_description":"Habt ihr euch schon einmal ge\u00e4rgert, wenn wieder ein Auto auf dem Radweg stand oder frech auf dem B\u00fcrgersteig? Das muss nicht sein.Ordnungs\u00e4mter leiden unter Personalnot, jedenfalls bekommt man den Eindruck.Deshalb jetzt einfach selbst aktiv werden: Lade dir die kostenlose und sichere DRITTANZEIGEN App auf dein Smartphone und schicke so eine Meldung ganz einfach an &hellip; \u201eWillkommen\u201c weiterlesen","og_url":"https:\/\/drittanzeige.online\/","og_site_name":"Drittanzeige Online","article_modified_time":"2019-05-17T12:31:31+00:00","twitter_card":"summary_large_image","twitter_misc":{"Gesch\u00e4tzte Lesezeit":"1\u00a0Minute"},"schema":{"@context":"https:\/\/schema.org","@graph":[{"@type":"WebPage","@id":"https:\/\/drittanzeige.online\/","url":"https:\/\/drittanzeige.online\/","name":"Willkommen - Drittanzeige Online","isPartOf":{"@id":"https:\/\/drittanzeige.online\/#website"},"datePublished":"2019-05-17T11:10:22+00:00","dateModified":"2019-05-17T12:31:31+00:00","breadcrumb":{"@id":"https:\/\/drittanzeige.online\/#breadcrumb"},"inLanguage":"de","potentialAction":[{"@type":"ReadAction","target":["https:\/\/drittanzeige.online\/"]}]},{"@type":"BreadcrumbList","@id":"https:\/\/drittanzeige.online\/#breadcrumb","itemListElement":[{"@type":"ListItem","position":1,"name":"Home","item":"https:\/\/drittanzeige.online\/"},{"@type":"ListItem","position":2,"name":"Willkommen"}]},{"@type":"WebSite","@id":"https:\/\/drittanzeige.online\/#website","url":"https:\/\/drittanzeige.online\/","name":"Drittanzeige - Parke nicht auf unseren Wegen","description":"Parke nicht auf unseren Wegen","publisher":{"@id":"https:\/\/drittanzeige.online\/#organization"},"potentialAction":[{"@type":"SearchAction","target":{"@type":"EntryPoint","urlTemplate":"https:\/\/drittanzeige.online\/?s={search_term_string}"},"query-input":{"@type":"PropertyValueSpecification","valueRequired":true,"valueName":"search_term_string"}}],"inLanguage":"de"},{"@type":"Organization","@id":"https:\/\/drittanzeige.online\/#organization","name":"Drittanzeige.online","url":"https:\/\/drittanzeige.online\/","logo":{"@type":"ImageObject","inLanguage":"de","@id":"https:\/\/drittanzeige.online\/#\/schema\/logo\/image\/","url":"https:\/\/i2.wp.com\/drittanzeige.online\/wp-content\/uploads\/2019\/05\/DefaultIcon.png?fit=1024%2C1024&ssl=1","contentUrl":"https:\/\/i2.wp.com\/drittanzeige.online\/wp-content\/uploads\/2019\/05\/DefaultIcon.png?fit=1024%2C1024&ssl=1","width":1024,"height":1024,"caption":"Drittanzeige.online"},"image":{"@id":"https:\/\/drittanzeige.online\/#\/schema\/logo\/image\/"}}]}},"jetpack_sharing_enabled":true,"_links":{"self":[{"href":"https:\/\/drittanzeige.online\/index.php\/wp-json\/wp\/v2\/pages\/2","targetHints":{"allow":["GET"]}}],"collection":[{"href":"https:\/\/drittanzeige.online\/index.php\/wp-json\/wp\/v2\/pages"}],"about":[{"href":"https:\/\/drittanzeige.online\/index.php\/wp-json\/wp\/v2\/types\/page"}],"author":[{"embeddable":true,"href":"https:\/\/drittanzeige.online\/index.php\/wp-json\/wp\/v2\/users\/1"}],"replies":[{"embeddable":true,"href":"https:\/\/drittanzeige.online\/index.php\/wp-json\/wp\/v2\/comments?post=2"}],"version-history":[{"count":3,"href":"https:\/\/drittanzeige.online\/index.php\/wp-json\/wp\/v2\/pages\/2\/revisions"}],"predecessor-version":[{"id":15,"href":"https:\/\/drittanzeige.online\/index.php\/wp-json\/wp\/v2\/pages\/2\/revisions\/15"}],"wp:attachment":[{"href":"https:\/\/drittanzeige.online\/index.php\/wp-json\/wp\/v2\/media?parent=2"}],"curies":[{"name":"wp","href":"https:\/\/api.w.org\/{rel}","templated":true}]}}